{"id":388731,"date":"2022-12-23T19:04:58","date_gmt":"2022-12-23T19:04:58","guid":{"rendered":"https:\/\/demosdivi.lovelyconfetti.com\/shirley\/?page_id=388731"},"modified":"2026-05-12T10:00:15","modified_gmt":"2026-05-12T08:00:15","slug":"gallery-page","status":"publish","type":"page","link":"https:\/\/secilozdemir.com\/?page_id=388731","title":{"rendered":"Gallery Page"},"content":{"rendered":"<p>[et_pb_section fb_built=&#8220;1&#8243; _builder_version=&#8220;4.19.4&#8243; _module_preset=&#8220;default&#8220; background_color=&#8220;rgba(255,255,255,0.68)&#8220; background_image=&#8220;http:\/\/secilozdemir.com\/wp-content\/uploads\/2022\/12\/Shirley_wedding038-1-2.jpg&#8220; background_blend=&#8220;overlay&#8220; global_colors_info=&#8220;{}&#8220;][et_pb_row _builder_version=&#8220;4.19.4&#8243; _module_preset=&#8220;default&#8220; global_colors_info=&#8220;{}&#8220;][et_pb_column type=&#8220;4_4&#8243; _builder_version=&#8220;4.19.4&#8243; _module_preset=&#8220;default&#8220; global_colors_info=&#8220;{}&#8220;][et_pb_text _builder_version=&#8220;4.19.4&#8243; _module_preset=&#8220;default&#8220; text_font=&#8220;||||||||&#8220; text_font_size=&#8220;36px&#8220; text_letter_spacing=&#8220;1px&#8220; header_2_font_size=&#8220;44px&#8220; header_3_font_size=&#8220;30px&#8220; custom_margin=&#8220;||20px||false|false&#8220; global_colors_info=&#8220;{}&#8220;]<\/p>\n<h2>Sarah and Andrew<\/h2>\n<p>[\/et_pb_text][\/et_pb_column][\/et_pb_row][\/et_pb_section][et_pb_section fb_built=&#8220;1&#8243; _builder_version=&#8220;4.16&#8243; _module_preset=&#8220;default&#8220; global_colors_info=&#8220;{}&#8220;][et_pb_row column_structure=&#8220;1_3,2_3&#8243; use_custom_gutter=&#8220;on&#8220; make_equal=&#8220;on&#8220; _builder_version=&#8220;4.19.4&#8243; _module_preset=&#8220;default&#8220; global_colors_info=&#8220;{}&#8220;][et_pb_column type=&#8220;1_3&#8243; _builder_version=&#8220;4.19.4&#8243; _module_preset=&#8220;default&#8220; background_enable_color=&#8220;off&#8220; custom_css_main_element=&#8220;display: flex;||flex-direction: column;||justify-content: center;&#8220; border_width_right=&#8220;1px&#8220; border_width_right_tablet=&#8220;0px&#8220; border_width_right_phone=&#8220;&#8220; border_width_right_last_edited=&#8220;on|tablet&#8220; global_colors_info=&#8220;{}&#8220;][et_pb_text _builder_version=&#8220;4.19.4&#8243; _module_preset=&#8220;default&#8220; text_font=&#8220;EB Garamond||||||||&#8220; text_font_size=&#8220;18px&#8220; custom_margin=&#8220;|6%|||false|false&#8220; custom_margin_tablet=&#8220;|0%|||false|false&#8220; custom_margin_phone=&#8220;&#8220; custom_margin_last_edited=&#8220;on|tablet&#8220; hover_enabled=&#8220;0&#8243; global_colors_info=&#8220;{}&#8220; sticky_enabled=&#8220;0&#8243;]<\/p>\n<p><em>Client: Sarah and Andrew<\/em><\/p>\n<p><em>Localization:\u00a0 Retiro Park, Madrid<\/em><\/p>\n<p><em>Date: January, 2023<\/em><\/p>\n<p><em>Photographed by Shirley<\/em><\/p>\n<p>[\/et_pb_text][\/et_pb_column][et_pb_column type=&#8220;2_3&#8243; _builder_version=&#8220;4.19.4&#8243; _module_preset=&#8220;default&#8220; custom_css_main_element=&#8220;display: flex;||flex-direction: column;||justify-content: center;&#8220; global_colors_info=&#8220;{}&#8220;][et_pb_text _builder_version=&#8220;4.19.4&#8243; _module_preset=&#8220;default&#8220; text_line_height=&#8220;2em&#8220; text_orientation=&#8220;justified&#8220; custom_margin=&#8220;||||false|false&#8220; custom_margin_tablet=&#8220;|||0%|false|false&#8220; custom_margin_phone=&#8220;&#8220; custom_margin_last_edited=&#8220;on|tablet&#8220; global_colors_info=&#8220;{}&#8220;]<\/p>\n<p><span>Caramels apple pie liquorice cheesecake biscuit jelly-o cupcake. Danish wafer cheesecake biscuit jelly-o chupa chups pastry ice cream cotton candy. Lemon drops pie tiramisu tootsie roll sweet roll fruitcake marzipan drag\u00e9e. Pastry cookie gummies pie drag\u00e9e jujubes marshmallow. Drag\u00e9e powder gingerbread jujubes tart. Cheesecake cookie carrot cake. Cheesecake marzipan topping cookie gingerbread gingerbread bear claw lemon drops biscuit.<\/span><\/p>\n<p style=\"text-align: justify;\"><span>Gingerbread sweet roll fruitcake chocolate bar. Marzipan chocolate bar pudding wafer tart tart. Sesame snaps caramels liquorice drag\u00e9e jujubes. Donut halvah pastry. Halvah jujubes caramels macaroon gingerbread lollipop. Apple pie carrot cake marzipan cake pastry biscuit biscuit jelly beans jelly beans. Apple pie powder chocolate cake bonbon.<\/span><\/p>\n<p>[\/et_pb_text][\/et_pb_column][\/et_pb_row][et_pb_row column_structure=&#8220;1_3,1_3,1_3&#8243; use_custom_gutter=&#8220;on&#8220; make_equal=&#8220;on&#8220; _builder_version=&#8220;4.19.4&#8243; _module_preset=&#8220;default&#8220; global_colors_info=&#8220;{}&#8220;][et_pb_column type=&#8220;1_3&#8243; _builder_version=&#8220;4.16&#8243; _module_preset=&#8220;default&#8220; global_colors_info=&#8220;{}&#8220;][et_pb_image src=&#8220;http:\/\/secilozdemir.com\/wp-content\/uploads\/2022\/12\/Shirley_wedding011-2.jpg&#8220; title_text=&#8220;Shirley_wedding011&#8243; _builder_version=&#8220;4.19.4&#8243; _module_preset=&#8220;default&#8220; global_colors_info=&#8220;{}&#8220;][\/et_pb_image][et_pb_image src=&#8220;http:\/\/secilozdemir.com\/wp-content\/uploads\/2022\/12\/Shirley_wedding060-2-2.jpg&#8220; title_text=&#8220;Shirley_wedding060&#8243; _builder_version=&#8220;4.19.4&#8243; _module_preset=&#8220;default&#8220; global_colors_info=&#8220;{}&#8220;][\/et_pb_image][\/et_pb_column][et_pb_column type=&#8220;1_3&#8243; _builder_version=&#8220;4.16&#8243; _module_preset=&#8220;default&#8220; global_colors_info=&#8220;{}&#8220;][et_pb_image src=&#8220;http:\/\/secilozdemir.com\/wp-content\/uploads\/2022\/12\/Shirley_background024-1-2.jpg&#8220; title_text=&#8220;Shirley_background024 (1)&#8220; _builder_version=&#8220;4.19.4&#8243; _module_preset=&#8220;default&#8220; global_colors_info=&#8220;{}&#8220;][\/et_pb_image][et_pb_image src=&#8220;http:\/\/secilozdemir.com\/wp-content\/uploads\/2022\/12\/Shirley_wedding029-2.jpg&#8220; title_text=&#8220;Shirley_wedding029&#8243; _builder_version=&#8220;4.19.4&#8243; _module_preset=&#8220;default&#8220; global_colors_info=&#8220;{}&#8220;][\/et_pb_image][\/et_pb_column][et_pb_column type=&#8220;1_3&#8243; _builder_version=&#8220;4.16&#8243; _module_preset=&#8220;default&#8220; global_colors_info=&#8220;{}&#8220;][et_pb_image src=&#8220;http:\/\/secilozdemir.com\/wp-content\/uploads\/2022\/12\/Shirley_wedding015-2.jpg&#8220; title_text=&#8220;Shirley_wedding015&#8243; _builder_version=&#8220;4.19.4&#8243; _module_preset=&#8220;default&#8220; global_colors_info=&#8220;{}&#8220;][\/et_pb_image][et_pb_image src=&#8220;http:\/\/secilozdemir.com\/wp-content\/uploads\/2022\/12\/Shirley_background022-1-2.jpg&#8220; title_text=&#8220;Shirley_background022 (1)&#8220; _builder_version=&#8220;4.19.4&#8243; _module_preset=&#8220;default&#8220; global_colors_info=&#8220;{}&#8220;][\/et_pb_image][\/et_pb_column][\/et_pb_row][et_pb_row _builder_version=&#8220;4.19.4&#8243; _module_preset=&#8220;default&#8220;][et_pb_column _builder_version=&#8220;4.19.4&#8243; _module_preset=&#8220;default&#8220; type=&#8220;4_4&#8243;][et_pb_button button_text=&#8220;back to the galleries&#8220; _builder_version=&#8220;4.19.4&#8243; _module_preset=&#8220;default&#8220; button_url=&#8220;@ET-DC@eyJkeW5hbWljIjp0cnVlLCJjb250ZW50IjoicG9zdF9saW5rX3VybF9wYWdlIiwic2V0dGluZ3MiOnsicG9zdF9pZCI6IjM4NzkxNSJ9fQ==@&#8220; _dynamic_attributes=&#8220;button_url&#8220; button_alignment=&#8220;center&#8220; custom_padding=&#8220;9px|30px|9px|30px|true|true&#8220; hover_enabled=&#8220;0&#8243; sticky_enabled=&#8220;0&#8243;][\/et_pb_button][\/et_pb_column][\/et_pb_row][\/et_pb_section]<\/p>\n","protected":false},"excerpt":{"rendered":"<p>Sarah and AndrewClient: Sarah and Andrew Localization:\u00a0 Retiro Park, Madrid Date: January, 2023 Photographed by ShirleyCaramels apple pie liquorice cheesecake biscuit jelly-o cupcake. Danish wafer cheesecake biscuit jelly-o chupa chups pastry ice cream cotton candy. Lemon drops pie tiramisu tootsie roll sweet roll fruitcake marzipan drag\u00e9e. Pastry cookie gummies pie drag\u00e9e jujubes marshmallow. Drag\u00e9e powder [&hellip;]<\/p>\n","protected":false},"author":1,"featured_media":0,"parent":0,"menu_order":0,"comment_status":"closed","ping_status":"closed","template":"","meta":{"_et_pb_use_builder":"on","_et_pb_old_content":"","_et_gb_content_width":"","_monsterinsights_skip_tracking":false,"_monsterinsights_sitenote_active":false,"_monsterinsights_sitenote_note":"","_monsterinsights_sitenote_category":0,"footnotes":""},"class_list":["post-388731","page","type-page","status-publish","hentry"],"aioseo_notices":[],"_links":{"self":[{"href":"https:\/\/secilozdemir.com\/index.php?rest_route=\/wp\/v2\/pages\/388731","targetHints":{"allow":["GET"]}}],"collection":[{"href":"https:\/\/secilozdemir.com\/index.php?rest_route=\/wp\/v2\/pages"}],"about":[{"href":"https:\/\/secilozdemir.com\/index.php?rest_route=\/wp\/v2\/types\/page"}],"author":[{"embeddable":true,"href":"https:\/\/secilozdemir.com\/index.php?rest_route=\/wp\/v2\/users\/1"}],"replies":[{"embeddable":true,"href":"https:\/\/secilozdemir.com\/index.php?rest_route=%2Fwp%2Fv2%2Fcomments&post=388731"}],"version-history":[{"count":1,"href":"https:\/\/secilozdemir.com\/index.php?rest_route=\/wp\/v2\/pages\/388731\/revisions"}],"predecessor-version":[{"id":389532,"href":"https:\/\/secilozdemir.com\/index.php?rest_route=\/wp\/v2\/pages\/388731\/revisions\/389532"}],"wp:attachment":[{"href":"https:\/\/secilozdemir.com\/index.php?rest_route=%2Fwp%2Fv2%2Fmedia&parent=388731"}],"curies":[{"name":"wp","href":"https:\/\/api.w.org\/{rel}","templated":true}]}}